{"id":3147,"date":"2022-11-24T19:06:14","date_gmt":"2022-11-24T18:06:14","guid":{"rendered":"https:\/\/epelons.com\/?page_id=3147"},"modified":"2023-06-03T16:41:48","modified_gmt":"2023-06-03T14:41:48","slug":"evenements","status":"publish","type":"page","link":"https:\/\/epelons.com\/?page_id=3147","title":{"rendered":"Evenements"},"content":{"rendered":"\t\t<div data-elementor-type=\"wp-page\" data-elementor-id=\"3147\" class=\"elementor elementor-3147\">\n\t\t\t\t\t\t<section class=\"elementor-section elementor-top-section elementor-element elementor-element-af2c64c elementor-section-height-min-height elementor-section-boxed elementor-section-height-default elementor-section-items-middle\" data-id=\"af2c64c\" data-element_type=\"section\" data-e-type=\"section\">\n\t\t\t\t\t\t<div class=\"elementor-container elementor-column-gap-default\">\n\t\t\t\t\t<div class=\"elementor-column elementor-col-100 elementor-top-column elementor-element elementor-element-57c5273b\" data-id=\"57c5273b\" data-element_type=\"column\" data-e-type=\"column\">\n\t\t\t<div class=\"elementor-widget-wrap\">\n\t\t\t\t\t\t\t<\/div>\n\t\t<\/div>\n\t\t\t\t\t<\/div>\n\t\t<\/section>\n\t\t\t\t<section class=\"elementor-section elementor-top-section elementor-element elementor-element-1c1f4d10 elementor-section-content-middle elementor-section-boxed elementor-section-height-default elementor-section-height-default\" data-id=\"1c1f4d10\" data-element_type=\"section\" data-e-type=\"section\">\n\t\t\t\t\t\t<div class=\"elementor-container elementor-column-gap-default\">\n\t\t\t\t\t<div class=\"elementor-column elementor-col-50 elementor-top-column elementor-element elementor-element-54bfeb89\" data-id=\"54bfeb89\" data-element_type=\"column\" data-e-type=\"column\">\n\t\t\t<div class=\"elementor-widget-wrap elementor-element-populated\">\n\t\t\t\t\t\t<div class=\"elementor-element elementor-element-321e3d1f elementor-widget elementor-widget-heading\" data-id=\"321e3d1f\" data-element_type=\"widget\" data-e-type=\"widget\" data-widget_type=\"heading.default\">\n\t\t\t\t<div class=\"elementor-widget-container\">\n\t\t\t\t\t<h3 class=\"elementor-heading-title elementor-size-large\">Projection de film<\/h3>\t\t\t\t<\/div>\n\t\t\t\t<\/div>\n\t\t\t\t<div class=\"elementor-element elementor-element-4a783d64 elementor-widget elementor-widget-text-editor\" data-id=\"4a783d64\" data-element_type=\"widget\" data-e-type=\"widget\" data-widget_type=\"text-editor.default\">\n\t\t\t\t<div class=\"elementor-widget-container\">\n\t\t\t\t\t\t\t\t\t<p>Venez nombreux pour une chouette soir\u00e9e sous le signe de la d\u00e9tente et de la convivialit\u00e9 .<\/p>\t\t\t\t\t\t\t\t<\/div>\n\t\t\t\t<\/div>\n\t\t\t\t\t<\/div>\n\t\t<\/div>\n\t\t\t\t<div class=\"elementor-column elementor-col-50 elementor-top-column elementor-element elementor-element-405c1c71\" data-id=\"405c1c71\" data-element_type=\"column\" data-e-type=\"column\">\n\t\t\t<div class=\"elementor-widget-wrap elementor-element-populated\">\n\t\t\t\t\t\t<div class=\"elementor-element elementor-element-57f41dd9 elementor-widget elementor-widget-image\" data-id=\"57f41dd9\" data-element_type=\"widget\" data-e-type=\"widget\" data-widget_type=\"image.default\">\n\t\t\t\t<div class=\"elementor-widget-container\">\n\t\t\t\t\t\t\t\t\t\t\t\t\t\t\t<img fetchpriority=\"high\" decoding=\"async\" width=\"1414\" height=\"2000\" src=\"https:\/\/epelons.com\/wp-content\/uploads\/2023\/06\/Film-1903.png\" class=\"attachment-full size-full wp-image-3527\" alt=\"\" srcset=\"https:\/\/epelons.com\/wp-content\/uploads\/2023\/06\/Film-1903.png 1414w, https:\/\/epelons.com\/wp-content\/uploads\/2023\/06\/Film-1903-212x300.png 212w, https:\/\/epelons.com\/wp-content\/uploads\/2023\/06\/Film-1903-724x1024.png 724w, https:\/\/epelons.com\/wp-content\/uploads\/2023\/06\/Film-1903-768x1086.png 768w, https:\/\/epelons.com\/wp-content\/uploads\/2023\/06\/Film-1903-1086x1536.png 1086w, https:\/\/epelons.com\/wp-content\/uploads\/2023\/06\/Film-1903-1140x1612.png 1140w, https:\/\/epelons.com\/wp-content\/uploads\/2023\/06\/Film-1903-1320x1867.png 1320w\" sizes=\"(max-width: 1414px) 100vw, 1414px\" \/>\t\t\t\t\t\t\t\t\t\t\t\t\t\t\t<\/div>\n\t\t\t\t<\/div>\n\t\t\t\t\t<\/div>\n\t\t<\/div>\n\t\t\t\t\t<\/div>\n\t\t<\/section>\n\t\t\t\t<\/div>\n\t\t","protected":false},"excerpt":{"rendered":"<p>Projection de film Venez nombreux pour une chouette soir\u00e9e sous le signe de la d\u00e9tente et de la convivialit\u00e9 .<\/p>\n","protected":false},"author":1,"featured_media":0,"parent":0,"menu_order":0,"comment_status":"closed","ping_status":"closed","template":"","meta":{"footnotes":""},"class_list":["post-3147","page","type-page","status-publish","hentry"],"yoast_head":"<!-- This site is optimized with the Yoast SEO plugin v27.5 - https:\/\/yoast.com\/product\/yoast-seo-wordpress\/ -->\n<title>Evenements - EPE Lons-le-Saunier<\/title>\n<meta name=\"robots\" content=\"index, follow, max-snippet:-1, max-image-preview:large, max-video-preview:-1\" \/>\n<link rel=\"canonical\" href=\"https:\/\/epelons.com\/?page_id=3147\" \/>\n<meta property=\"og:locale\" content=\"fr_FR\" \/>\n<meta property=\"og:type\" content=\"article\" \/>\n<meta property=\"og:title\" content=\"Evenements - EPE Lons-le-Saunier\" \/>\n<meta property=\"og:description\" content=\"Projection de film Venez nombreux pour une chouette soir\u00e9e sous le signe de la d\u00e9tente et de la convivialit\u00e9 .\" \/>\n<meta property=\"og:url\" content=\"https:\/\/epelons.com\/?page_id=3147\" \/>\n<meta property=\"og:site_name\" content=\"EPE Lons-le-Saunier\" \/>\n<meta property=\"article:modified_time\" content=\"2023-06-03T14:41:48+00:00\" \/>\n<meta property=\"og:image\" content=\"https:\/\/epelons.com\/wp-content\/uploads\/2023\/06\/Film-1903.png\" \/>\n<meta name=\"twitter:card\" content=\"summary_large_image\" \/>\n<meta name=\"twitter:label1\" content=\"Dur\u00e9e de lecture estim\u00e9e\" \/>\n\t<meta name=\"twitter:data1\" content=\"1 minute\" \/>\n<script type=\"application\/ld+json\" class=\"yoast-schema-graph\">{\"@context\":\"https:\\\/\\\/schema.org\",\"@graph\":[{\"@type\":\"WebPage\",\"@id\":\"https:\\\/\\\/epelons.com\\\/?page_id=3147\",\"url\":\"https:\\\/\\\/epelons.com\\\/?page_id=3147\",\"name\":\"Evenements - EPE Lons-le-Saunier\",\"isPartOf\":{\"@id\":\"https:\\\/\\\/epelons.com\\\/#website\"},\"primaryImageOfPage\":{\"@id\":\"https:\\\/\\\/epelons.com\\\/?page_id=3147#primaryimage\"},\"image\":{\"@id\":\"https:\\\/\\\/epelons.com\\\/?page_id=3147#primaryimage\"},\"thumbnailUrl\":\"https:\\\/\\\/epelons.com\\\/wp-content\\\/uploads\\\/2023\\\/06\\\/Film-1903.png\",\"datePublished\":\"2022-11-24T18:06:14+00:00\",\"dateModified\":\"2023-06-03T14:41:48+00:00\",\"breadcrumb\":{\"@id\":\"https:\\\/\\\/epelons.com\\\/?page_id=3147#breadcrumb\"},\"inLanguage\":\"fr-FR\",\"potentialAction\":[{\"@type\":\"ReadAction\",\"target\":[\"https:\\\/\\\/epelons.com\\\/?page_id=3147\"]}]},{\"@type\":\"ImageObject\",\"inLanguage\":\"fr-FR\",\"@id\":\"https:\\\/\\\/epelons.com\\\/?page_id=3147#primaryimage\",\"url\":\"https:\\\/\\\/epelons.com\\\/wp-content\\\/uploads\\\/2023\\\/06\\\/Film-1903.png\",\"contentUrl\":\"https:\\\/\\\/epelons.com\\\/wp-content\\\/uploads\\\/2023\\\/06\\\/Film-1903.png\",\"width\":1414,\"height\":2000},{\"@type\":\"BreadcrumbList\",\"@id\":\"https:\\\/\\\/epelons.com\\\/?page_id=3147#breadcrumb\",\"itemListElement\":[{\"@type\":\"ListItem\",\"position\":1,\"name\":\"Accueil\",\"item\":\"https:\\\/\\\/epelons.com\\\/\"},{\"@type\":\"ListItem\",\"position\":2,\"name\":\"Evenements\"}]},{\"@type\":\"WebSite\",\"@id\":\"https:\\\/\\\/epelons.com\\\/#website\",\"url\":\"https:\\\/\\\/epelons.com\\\/\",\"name\":\"EPE Lons-le-Saunier\",\"description\":\"Lons-le-Saunier\",\"potentialAction\":[{\"@type\":\"SearchAction\",\"target\":{\"@type\":\"EntryPoint\",\"urlTemplate\":\"https:\\\/\\\/epelons.com\\\/?s={search_term_string}\"},\"query-input\":{\"@type\":\"PropertyValueSpecification\",\"valueRequired\":true,\"valueName\":\"search_term_string\"}}],\"inLanguage\":\"fr-FR\"}]}<\/script>\n<!-- \/ Yoast SEO plugin. -->","yoast_head_json":{"title":"Evenements - EPE Lons-le-Saunier","robots":{"index":"index","follow":"follow","max-snippet":"max-snippet:-1","max-image-preview":"max-image-preview:large","max-video-preview":"max-video-preview:-1"},"canonical":"https:\/\/epelons.com\/?page_id=3147","og_locale":"fr_FR","og_type":"article","og_title":"Evenements - EPE Lons-le-Saunier","og_description":"Projection de film Venez nombreux pour une chouette soir\u00e9e sous le signe de la d\u00e9tente et de la convivialit\u00e9 .","og_url":"https:\/\/epelons.com\/?page_id=3147","og_site_name":"EPE Lons-le-Saunier","article_modified_time":"2023-06-03T14:41:48+00:00","og_image":[{"url":"https:\/\/epelons.com\/wp-content\/uploads\/2023\/06\/Film-1903.png","type":"","width":"","height":""}],"twitter_card":"summary_large_image","twitter_misc":{"Dur\u00e9e de lecture estim\u00e9e":"1 minute"},"schema":{"@context":"https:\/\/schema.org","@graph":[{"@type":"WebPage","@id":"https:\/\/epelons.com\/?page_id=3147","url":"https:\/\/epelons.com\/?page_id=3147","name":"Evenements - EPE Lons-le-Saunier","isPartOf":{"@id":"https:\/\/epelons.com\/#website"},"primaryImageOfPage":{"@id":"https:\/\/epelons.com\/?page_id=3147#primaryimage"},"image":{"@id":"https:\/\/epelons.com\/?page_id=3147#primaryimage"},"thumbnailUrl":"https:\/\/epelons.com\/wp-content\/uploads\/2023\/06\/Film-1903.png","datePublished":"2022-11-24T18:06:14+00:00","dateModified":"2023-06-03T14:41:48+00:00","breadcrumb":{"@id":"https:\/\/epelons.com\/?page_id=3147#breadcrumb"},"inLanguage":"fr-FR","potentialAction":[{"@type":"ReadAction","target":["https:\/\/epelons.com\/?page_id=3147"]}]},{"@type":"ImageObject","inLanguage":"fr-FR","@id":"https:\/\/epelons.com\/?page_id=3147#primaryimage","url":"https:\/\/epelons.com\/wp-content\/uploads\/2023\/06\/Film-1903.png","contentUrl":"https:\/\/epelons.com\/wp-content\/uploads\/2023\/06\/Film-1903.png","width":1414,"height":2000},{"@type":"BreadcrumbList","@id":"https:\/\/epelons.com\/?page_id=3147#breadcrumb","itemListElement":[{"@type":"ListItem","position":1,"name":"Accueil","item":"https:\/\/epelons.com\/"},{"@type":"ListItem","position":2,"name":"Evenements"}]},{"@type":"WebSite","@id":"https:\/\/epelons.com\/#website","url":"https:\/\/epelons.com\/","name":"EPE Lons-le-Saunier","description":"Lons-le-Saunier","potentialAction":[{"@type":"SearchAction","target":{"@type":"EntryPoint","urlTemplate":"https:\/\/epelons.com\/?s={search_term_string}"},"query-input":{"@type":"PropertyValueSpecification","valueRequired":true,"valueName":"search_term_string"}}],"inLanguage":"fr-FR"}]}},"jetpack_sharing_enabled":true,"_links":{"self":[{"href":"https:\/\/epelons.com\/index.php?rest_route=\/wp\/v2\/pages\/3147","targetHints":{"allow":["GET"]}}],"collection":[{"href":"https:\/\/epelons.com\/index.php?rest_route=\/wp\/v2\/pages"}],"about":[{"href":"https:\/\/epelons.com\/index.php?rest_route=\/wp\/v2\/types\/page"}],"author":[{"embeddable":true,"href":"https:\/\/epelons.com\/index.php?rest_route=\/wp\/v2\/users\/1"}],"replies":[{"embeddable":true,"href":"https:\/\/epelons.com\/index.php?rest_route=%2Fwp%2Fv2%2Fcomments&post=3147"}],"version-history":[{"count":10,"href":"https:\/\/epelons.com\/index.php?rest_route=\/wp\/v2\/pages\/3147\/revisions"}],"predecessor-version":[{"id":3530,"href":"https:\/\/epelons.com\/index.php?rest_route=\/wp\/v2\/pages\/3147\/revisions\/3530"}],"wp:attachment":[{"href":"https:\/\/epelons.com\/index.php?rest_route=%2Fwp%2Fv2%2Fmedia&parent=3147"}],"curies":[{"name":"wp","href":"https:\/\/api.w.org\/{rel}","templated":true}]}}